{"id":6,"date":"2014-06-04T20:00:53","date_gmt":"2014-06-04T20:00:53","guid":{"rendered":"http:\/\/biblioteca.proeibandes.org\/?page_id=6"},"modified":"2015-06-29T11:40:52","modified_gmt":"2015-06-29T15:40:52","slug":"la-biblioteca","status":"publish","type":"page","link":"https:\/\/biblioteca.proeibandes.org\/?page_id=6","title":{"rendered":"La biblioteca"},"content":{"rendered":"<p style=\"text-align: justify;\">El <a title=\"PROEIB Andes\" href=\"http:\/\/www.proeibandes.org\" target=\"_blank\">PROEIB Andes<\/a> cuenta con una unidad de documentaci\u00f3n gestionada desde la Biblioteca que fue nominada en 2007 con el nombre del impulsor de este programa, el Dr. Luis Enrique L\u00f3pez. Esta biblioteca es considerada como una de las m\u00e1s importantes en el campo de la Educaci\u00f3n Intercultural a nivel regional. Su especialidad en este campo est\u00e1 respaldada por m\u00e1s de 14.000 vol\u00famenes sobre educaci\u00f3n, cultura y lenguas de pueblos ind\u00edgenas, en las disciplinas de filosof\u00eda, educaci\u00f3n, did\u00e1ctica, etnoliteratura, antropolog\u00eda, psicolog\u00eda, investigaci\u00f3n social y educativa, sociolog\u00eda, historia, legislaci\u00f3n ind\u00edgena y pol\u00edticas educativas. Tambi\u00e9n cuenta con documentos de referencia como diccionarios de lenguas ind\u00edgenas de la regi\u00f3n, enciclopedias, atlas, directorios de programas y redes en tem\u00e1ticas interculturales y diversos documentos relacionados con la EIB, entre los que se cuentan las tesis de las siete versiones de maestr\u00eda en EIB, tesis de otros programas, Proyectos Educativos de la Especialidad en EIB.<\/p>\n<p style=\"text-align: justify;\"><a href=\"http:\/\/biblioteca.proeibandes.org\/wp-content\/uploads\/2014\/06\/biblio2.jpg\"><img loading=\"lazy\" decoding=\"async\" class=\"aligncenter wp-image-189 size-full\" src=\"http:\/\/biblioteca.proeibandes.org\/wp-content\/uploads\/2014\/06\/biblio2.jpg\" alt=\"biblio2\" width=\"500\" height=\"375\" srcset=\"https:\/\/biblioteca.proeibandes.org\/wp-content\/uploads\/2014\/06\/biblio2.jpg 500w, https:\/\/biblioteca.proeibandes.org\/wp-content\/uploads\/2014\/06\/biblio2-300x225.jpg 300w\" sizes=\"auto, (max-width: 500px) 100vw, 500px\" \/><\/a>Si bien el formato general es el impreso, tambi\u00e9n cuenta con otros formatos como materiales multimedia, folletos, videos, CDS, DVS y cintas sobre temas educativos, documentales y otros.<\/p>\n<p style=\"text-align: justify;\">Esta biblioteca tiene como prop\u00f3sito brindar apoyo a las actividades de formaci\u00f3n profesional principalmente en el campo de la investigaci\u00f3n y de extensi\u00f3n acad\u00e9mica del <a href=\"http:\/\/www.proeibandes.org\">PROEIB Andes<\/a>, a trav\u00e9s de los siguientes servicios: 1) pr\u00e9stamos en sala, a domicilio e interbibliotecario, 2) elaboraci\u00f3n de bibliograf\u00edas especializadas, 3) consultas v\u00eda tel\u00e9fono y correo electr\u00f3nico, 4) b\u00fasquedas y acceso directo a bases de datos, 5) visitas guiadas y 6) reprograf\u00eda.<\/p>\n<p style=\"text-align: justify;\"><a href=\"http:\/\/biblioteca.proeibandes.org\/wp-content\/uploads\/2014\/06\/biblio1.jpg\"><img loading=\"lazy\" decoding=\"async\" class=\"aligncenter wp-image-190 size-full\" src=\"http:\/\/biblioteca.proeibandes.org\/wp-content\/uploads\/2014\/06\/biblio1.jpg\" alt=\"biblio1\" width=\"500\" height=\"375\" srcset=\"https:\/\/biblioteca.proeibandes.org\/wp-content\/uploads\/2014\/06\/biblio1.jpg 500w, https:\/\/biblioteca.proeibandes.org\/wp-content\/uploads\/2014\/06\/biblio1-300x225.jpg 300w\" sizes=\"auto, (max-width: 500px) 100vw, 500px\" \/><\/a><\/p>\n","protected":false},"excerpt":{"rendered":"<p>El PROEIB Andes cuenta con una unidad de documentaci\u00f3n gestionada desde la Biblioteca que fue nominada en 2007 con el nombre del impulsor de este programa, el Dr. Luis Enrique L\u00f3pez. Esta biblioteca es considerada como una de las m\u00e1s importantes en el campo de la Educaci\u00f3n Intercultural a nivel regional. Su especialidad en este &hellip; <a href=\"https:\/\/biblioteca.proeibandes.org\/?page_id=6\" class=\"more-link\">Seguir leyendo <span class=\"screen-reader-text\">La biblioteca<\/span> <span class=\"meta-nav\">&rarr;<\/span><\/a><\/p>\n","protected":false},"author":1,"featured_media":0,"parent":0,"menu_order":1,"comment_status":"open","ping_status":"open","template":"","meta":{"footnotes":""},"class_list":["post-6","page","type-page","status-publish","hentry"],"_links":{"self":[{"href":"https:\/\/biblioteca.proeibandes.org\/index.php?rest_route=\/wp\/v2\/pages\/6","targetHints":{"allow":["GET"]}}],"collection":[{"href":"https:\/\/biblioteca.proeibandes.org\/index.php?rest_route=\/wp\/v2\/pages"}],"about":[{"href":"https:\/\/biblioteca.proeibandes.org\/index.php?rest_route=\/wp\/v2\/types\/page"}],"author":[{"embeddable":true,"href":"https:\/\/biblioteca.proeibandes.org\/index.php?rest_route=\/wp\/v2\/users\/1"}],"replies":[{"embeddable":true,"href":"https:\/\/biblioteca.proeibandes.org\/index.php?rest_route=%2Fwp%2Fv2%2Fcomments&post=6"}],"version-history":[{"count":7,"href":"https:\/\/biblioteca.proeibandes.org\/index.php?rest_route=\/wp\/v2\/pages\/6\/revisions"}],"predecessor-version":[{"id":191,"href":"https:\/\/biblioteca.proeibandes.org\/index.php?rest_route=\/wp\/v2\/pages\/6\/revisions\/191"}],"wp:attachment":[{"href":"https:\/\/biblioteca.proeibandes.org\/index.php?rest_route=%2Fwp%2Fv2%2Fmedia&parent=6"}],"curies":[{"name":"wp","href":"https:\/\/api.w.org\/{rel}","templated":true}]}}